{"id":4659,"date":"2024-02-06T20:18:58","date_gmt":"2024-02-06T20:18:58","guid":{"rendered":"https:\/\/jasergondolas.com\/?post_type=product&#038;p=4659"},"modified":"2024-02-08T01:35:52","modified_gmt":"2024-02-08T01:35:52","slug":"maquinas-granizadoras-de-2-tanques","status":"publish","type":"product","link":"https:\/\/jasergondolas.com\/index.php\/product\/maquinas-granizadoras-de-2-tanques\/","title":{"rendered":"Maquina granizadora de 2 tanques"},"content":{"rendered":"<p>M\u00e1quina\u00a0<strong>granizadora<\/strong> de alta capacidad, perfecta para licoreras, panader\u00edas, cafeter\u00edas, restaurantes y helader\u00edas. Posee 2 tanques de 12 litros cada uno, provee una congelaci\u00f3n r\u00e1pida, un funcionamiento silencioso y un control eficiente de la textura.<\/p>\n<p># tanques: 2<\/p>\n<p>litros por tanque: 12<\/p>\n<p>Garant\u00eda: 1 a\u00f1o<\/p>\n","protected":false},"excerpt":{"rendered":"<p>M\u00e1quina\u00a0<strong>granizadora<\/strong> de 2 tanques, perfecta para licoreras, panader\u00edas, cafeter\u00edas, restaurantes y helader\u00edas.<\/p>\n<p><strong>Entrega inmediata<\/strong><\/p>\n<p>&nbsp;<\/p>\n","protected":false},"featured_media":4711,"comment_status":"open","ping_status":"closed","template":"","meta":{"site-sidebar-layout":"default","site-content-layout":"default","ast-global-header-display":"","ast-banner-title-visibility":"","ast-main-header-display":"","ast-hfb-above-header-display":"","ast-hfb-below-header-display":"","ast-hfb-mobile-header-display":"","site-post-title":"","ast-breadcrumbs-content":"","ast-featured-img":"","footer-sml-layout":"","theme-transparent-header-meta":"default","adv-header-id-meta":"","stick-header-meta":"","header-above-stick-meta":"","header-main-stick-meta":"","header-below-stick-meta":""},"product_cat":[79],"product_tag":[80,81],"_links":{"self":[{"href":"https:\/\/jasergondolas.com\/index.php\/wp-json\/wp\/v2\/product\/4659"}],"collection":[{"href":"https:\/\/jasergondolas.com\/index.php\/wp-json\/wp\/v2\/product"}],"about":[{"href":"https:\/\/jasergondolas.com\/index.php\/wp-json\/wp\/v2\/types\/product"}],"replies":[{"embeddable":true,"href":"https:\/\/jasergondolas.com\/index.php\/wp-json\/wp\/v2\/comments?post=4659"}],"version-history":[{"count":4,"href":"https:\/\/jasergondolas.com\/index.php\/wp-json\/wp\/v2\/product\/4659\/revisions"}],"predecessor-version":[{"id":4675,"href":"https:\/\/jasergondolas.com\/index.php\/wp-json\/wp\/v2\/product\/4659\/revisions\/4675"}],"wp:featuredmedia":[{"embeddable":true,"href":"https:\/\/jasergondolas.com\/index.php\/wp-json\/wp\/v2\/media\/4711"}],"wp:attachment":[{"href":"https:\/\/jasergondolas.com\/index.php\/wp-json\/wp\/v2\/media?parent=4659"}],"wp:term":[{"taxonomy":"product_cat","embeddable":true,"href":"https:\/\/jasergondolas.com\/index.php\/wp-json\/wp\/v2\/product_cat?post=4659"},{"taxonomy":"product_tag","embeddable":true,"href":"https:\/\/jasergondolas.com\/index.php\/wp-json\/wp\/v2\/product_tag?post=4659"}],"curies":[{"name":"wp","href":"https:\/\/api.w.org\/{rel}","templated":true}]}}