{"id":4651,"date":"2024-02-06T19:54:34","date_gmt":"2024-02-06T19:54:34","guid":{"rendered":"https:\/\/jasergondolas.com\/?post_type=product&#038;p=4651"},"modified":"2026-03-12T00:16:35","modified_gmt":"2026-03-12T00:16:35","slug":"gondola-central-ligeramente-usada","status":"publish","type":"product","link":"https:\/\/jasergondolas.com\/index.php\/product\/gondola-central-ligeramente-usada\/","title":{"rendered":"G\u00f3ndola central | ligeramente usada"},"content":{"rendered":"<p>G\u00f3ndola central fabricada en lamina Cold Roll Calibre 14 cuenta con las siguientes caracter\u00edsticas:<\/p>\n<ul>\n<li>Parales en Calibre 14 con Soportes Calibre 16 y niveladores.<\/li>\n<li>Lamina Espaldar Calibre 20<\/li>\n<li>Acoples Calibres 20 con visel<\/li>\n<li>10 Entrepa\u00f1os con brazos calibre 14 y bandeja calibre 22<\/li>\n<li>8 Entrepa\u00f1os Superiores y 2 Entrepa\u00f1os Piso<\/li>\n<li>Entrepa\u00f1o con doble refuerzo.<\/li>\n<li>8 pisos acabados en pintura al polvo horneable negro o blanco.<\/li>\n<\/ul>\n<p>Medidas: 97 x 40 x 1,80 m de altura.<\/p>\n<p>2 a\u00f1os de garant\u00eda.<\/p>\n","protected":false},"excerpt":{"rendered":"<p>G\u00f3ndola Central para todo tipo de Negocio y gran capacidad de Almacenamiento.<\/p>\n","protected":false},"featured_media":4470,"comment_status":"open","ping_status":"closed","template":"","meta":{"site-sidebar-layout":"default","site-content-layout":"default","ast-global-header-display":"","ast-banner-title-visibility":"","ast-main-header-display":"","ast-hfb-above-header-display":"","ast-hfb-below-header-display":"","ast-hfb-mobile-header-display":"","site-post-title":"","ast-breadcrumbs-content":"","ast-featured-img":"","footer-sml-layout":"","theme-transparent-header-meta":"default","adv-header-id-meta":"","stick-header-meta":"","header-above-stick-meta":"","header-main-stick-meta":"","header-below-stick-meta":""},"product_cat":[57],"product_tag":[76,64],"_links":{"self":[{"href":"https:\/\/jasergondolas.com\/index.php\/wp-json\/wp\/v2\/product\/4651"}],"collection":[{"href":"https:\/\/jasergondolas.com\/index.php\/wp-json\/wp\/v2\/product"}],"about":[{"href":"https:\/\/jasergondolas.com\/index.php\/wp-json\/wp\/v2\/types\/product"}],"replies":[{"embeddable":true,"href":"https:\/\/jasergondolas.com\/index.php\/wp-json\/wp\/v2\/comments?post=4651"}],"version-history":[{"count":5,"href":"https:\/\/jasergondolas.com\/index.php\/wp-json\/wp\/v2\/product\/4651\/revisions"}],"predecessor-version":[{"id":4677,"href":"https:\/\/jasergondolas.com\/index.php\/wp-json\/wp\/v2\/product\/4651\/revisions\/4677"}],"wp:featuredmedia":[{"embeddable":true,"href":"https:\/\/jasergondolas.com\/index.php\/wp-json\/wp\/v2\/media\/4470"}],"wp:attachment":[{"href":"https:\/\/jasergondolas.com\/index.php\/wp-json\/wp\/v2\/media?parent=4651"}],"wp:term":[{"taxonomy":"product_cat","embeddable":true,"href":"https:\/\/jasergondolas.com\/index.php\/wp-json\/wp\/v2\/product_cat?post=4651"},{"taxonomy":"product_tag","embeddable":true,"href":"https:\/\/jasergondolas.com\/index.php\/wp-json\/wp\/v2\/product_tag?post=4651"}],"curies":[{"name":"wp","href":"https:\/\/api.w.org\/{rel}","templated":true}]}}