{"id":4485,"date":"2023-08-06T14:39:14","date_gmt":"2023-08-06T14:39:14","guid":{"rendered":"https:\/\/jasergondolas.com\/?post_type=product&#038;p=4485"},"modified":"2026-03-12T00:29:52","modified_gmt":"2026-03-12T00:29:52","slug":"estanteria-pesada","status":"publish","type":"product","link":"https:\/\/jasergondolas.com\/index.php\/product\/estanteria-pesada\/","title":{"rendered":"Estanter\u00eda Pesada"},"content":{"rendered":"<p>La Estanter\u00eda Pesada esta fabricada especialmente para almacenar productos de gran volumen y de gran peso. Las Caracter\u00edsticas de la estanter\u00eda pesada son:<\/p>\n<ul>\n<li>Las Torres son fabricadas en lamina Cold Roll Calibre 12<\/li>\n<li>Las Vigas son fabricadas en lamina Cold Roll Calibre 12<\/li>\n<li>Son 8 Vigas de 2.40 con capacidades diferentes (1\/2, 1, 2 TON).<\/li>\n<\/ul>\n<p>&nbsp;<\/p>\n","protected":false},"excerpt":{"rendered":"<p>Estanter\u00eda para gran capacidad de almacenamiento de productos de gran volumen y peso.<\/p>\n","protected":false},"featured_media":4486,"comment_status":"open","ping_status":"closed","template":"","meta":{"site-sidebar-layout":"default","site-content-layout":"default","ast-global-header-display":"","ast-banner-title-visibility":"","ast-main-header-display":"","ast-hfb-above-header-display":"","ast-hfb-below-header-display":"","ast-hfb-mobile-header-display":"","site-post-title":"","ast-breadcrumbs-content":"","ast-featured-img":"","footer-sml-layout":"","theme-transparent-header-meta":"default","adv-header-id-meta":"","stick-header-meta":"","header-above-stick-meta":"","header-main-stick-meta":"","header-below-stick-meta":""},"product_cat":[58],"product_tag":[],"_links":{"self":[{"href":"https:\/\/jasergondolas.com\/index.php\/wp-json\/wp\/v2\/product\/4485"}],"collection":[{"href":"https:\/\/jasergondolas.com\/index.php\/wp-json\/wp\/v2\/product"}],"about":[{"href":"https:\/\/jasergondolas.com\/index.php\/wp-json\/wp\/v2\/types\/product"}],"replies":[{"embeddable":true,"href":"https:\/\/jasergondolas.com\/index.php\/wp-json\/wp\/v2\/comments?post=4485"}],"version-history":[{"count":1,"href":"https:\/\/jasergondolas.com\/index.php\/wp-json\/wp\/v2\/product\/4485\/revisions"}],"predecessor-version":[{"id":4487,"href":"https:\/\/jasergondolas.com\/index.php\/wp-json\/wp\/v2\/product\/4485\/revisions\/4487"}],"wp:featuredmedia":[{"embeddable":true,"href":"https:\/\/jasergondolas.com\/index.php\/wp-json\/wp\/v2\/media\/4486"}],"wp:attachment":[{"href":"https:\/\/jasergondolas.com\/index.php\/wp-json\/wp\/v2\/media?parent=4485"}],"wp:term":[{"taxonomy":"product_cat","embeddable":true,"href":"https:\/\/jasergondolas.com\/index.php\/wp-json\/wp\/v2\/product_cat?post=4485"},{"taxonomy":"product_tag","embeddable":true,"href":"https:\/\/jasergondolas.com\/index.php\/wp-json\/wp\/v2\/product_tag?post=4485"}],"curies":[{"name":"wp","href":"https:\/\/api.w.org\/{rel}","templated":true}]}}