{"id":4455,"date":"2023-08-06T12:03:13","date_gmt":"2023-08-06T12:03:13","guid":{"rendered":"https:\/\/jasergondolas.com\/?page_id=4455"},"modified":"2023-08-10T00:42:10","modified_gmt":"2023-08-10T00:42:10","slug":"blog","status":"publish","type":"page","link":"https:\/\/jasergondolas.com\/index.php\/blog\/","title":{"rendered":"Blog"},"content":{"rendered":"\t\t<div data-elementor-type=\"wp-page\" data-elementor-id=\"4455\" class=\"elementor elementor-4455\">\n\t\t\t\t\t\t\t\t\t<section class=\"elementor-section elementor-top-section elementor-element elementor-element-9d8dc99 elementor-section-boxed elementor-section-height-default elementor-section-height-default\" data-id=\"9d8dc99\" data-element_type=\"section\">\n\t\t\t\t\t\t<div class=\"elementor-container elementor-column-gap-default\">\n\t\t\t\t\t<div class=\"elementor-column elementor-col-100 elementor-top-column elementor-element elementor-element-6b87869\" data-id=\"6b87869\" data-element_type=\"column\">\n\t\t\t<div class=\"elementor-widget-wrap elementor-element-populated\">\n\t\t\t\t\t\t\t\t<div class=\"elementor-element elementor-element-60cc77c premium-blog-align-center elementor-widget elementor-widget-premium-addon-blog\" data-id=\"60cc77c\" data-element_type=\"widget\" data-settings=\"{&quot;premium_blog_grid&quot;:&quot;yes&quot;,&quot;premium_blog_layout&quot;:&quot;even&quot;,&quot;premium_blog_columns_number&quot;:&quot;50%&quot;,&quot;premium_blog_columns_number_tablet&quot;:&quot;50%&quot;,&quot;premium_blog_columns_number_mobile&quot;:&quot;100%&quot;}\" data-widget_type=\"premium-addon-blog.default\">\n\t\t\t\t<div class=\"elementor-widget-container\">\n\t\t\t\r\n\t\t\t\t<div class=\"premium-blog-wrap  premium-blog-even\" data-page=\"4455\">\r\n\t\t\t\t\t<div class=\"premium-blog-post-outer-container\" data-total=\"1\">\r\n\t\t\t<div class=\"premium-blog-post-container premium-blog-skin-cards\">\r\n\t\t\t\t\t\t\t\t\t<div class=\"premium-blog-thumb-effect-wrapper\">\r\n\t\t\t\t\t\t<div class=\"premium-blog-thumbnail-container premium-blog-zoomin-effect\">\r\n\t\t\t\t\t\t\t\t\t\t\t<a href=\"https:\/\/jasergondolas.com\/index.php\/2023\/08\/10\/como-influye-la-psicologia-en-la-compra-de-tu-supermercado\/\" target=\"_blank\">\r\n\t\t\t\t<img decoding=\"async\" width=\"1600\" height=\"900\" src=\"https:\/\/jasergondolas.com\/wp-content\/uploads\/2023\/08\/psicologiablog1.jpg\" class=\"attachment-full size-full wp-image-4594\" alt=\"\" loading=\"lazy\" srcset=\"https:\/\/jasergondolas.com\/wp-content\/uploads\/2023\/08\/psicologiablog1.jpg 1600w, https:\/\/jasergondolas.com\/wp-content\/uploads\/2023\/08\/psicologiablog1-300x169.jpg 300w, https:\/\/jasergondolas.com\/wp-content\/uploads\/2023\/08\/psicologiablog1-1024x576.jpg 1024w, https:\/\/jasergondolas.com\/wp-content\/uploads\/2023\/08\/psicologiablog1-768x432.jpg 768w, https:\/\/jasergondolas.com\/wp-content\/uploads\/2023\/08\/psicologiablog1-1536x864.jpg 1536w, https:\/\/jasergondolas.com\/wp-content\/uploads\/2023\/08\/psicologiablog1-1320x743.jpg 1320w, https:\/\/jasergondolas.com\/wp-content\/uploads\/2023\/08\/psicologiablog1-600x338.jpg 600w\" sizes=\"(max-width: 1600px) 100vw, 1600px\" \/>\t\t\t\t<\/a>\r\n\t\t\t\t\t\t\t\t\t\t<\/div>\r\n\t\t\t\t\t\t\t\t\t\t\t\t\t<div class=\"premium-blog-effect-container premium-blog-framed-effect\">\r\n\t\t\t\t\t\t\t\t<a class=\"premium-blog-post-link\" href=\"https:\/\/jasergondolas.com\/index.php\/2023\/08\/10\/como-influye-la-psicologia-en-la-compra-de-tu-supermercado\/\" target=\"_blank\"><span>C\u00f3mo influye la psicolog\u00eda en la compra de tu supermercado<\/span><\/a>\r\n\t\t\t\t\t\t\t\t\t\t\t\t\t\t\t<\/div>\r\n\t\t\t\t\t\t\t\t\t\t\t<\/div>\r\n\t\t\t\t\t\t\t\t\t\t\t\t\t\t\t\t\t\t\t<div class=\"premium-blog-author-thumbnail\">\r\n\t\t\t\t\t\t\t<img alt='javiserna091317' src='https:\/\/secure.gravatar.com\/avatar\/001469dcb189c67747d5159e0bad1ff7?s=128&#038;d=mm&#038;r=g' srcset='https:\/\/secure.gravatar.com\/avatar\/001469dcb189c67747d5159e0bad1ff7?s=256&#038;d=mm&#038;r=g 2x' class='avatar avatar-128 photo' height='128' width='128' loading='lazy' decoding='async'\/>\t\t\t\t\t\t<\/div>\r\n\t\t\t\t\t\t\t\t\t\t\t\t\t<div class=\"premium-blog-content-wrapper \">\r\n\r\n\t\t\t\t\t<div class=\"premium-blog-inner-container\">\r\n\r\n\t\t\t\t\t\t\t\t\t\t\t\t\t\t<h2 class=\"premium-blog-entry-title\">\r\n\t\t\t<a href=\"https:\/\/jasergondolas.com\/index.php\/2023\/08\/10\/como-influye-la-psicologia-en-la-compra-de-tu-supermercado\/\" target=\"_blank\">\r\n\t\t\t\tC\u00f3mo influye la psicolog\u00eda en la compra de tu supermercado\t\t\t<\/a>\r\n\t\t<\/h2>\r\n\t\t\r\n\t\t\t\t\t<\/div>\r\n\r\n\t\t\t\t\t\t\t<div class=\"premium-blob-content-inner-wrapper\">\r\n\t\t<p class=\"premium-blog-post-content\">La conducta de los consumidores mientras compran en un supermercado es uno de los temas m\u00e1s estudiados por expertos en marketing y<\/p><div class=\"premium-blog-excerpt-link-wrap\"><a href=\"https:\/\/jasergondolas.com\/index.php\/2023\/08\/10\/como-influye-la-psicologia-en-la-compra-de-tu-supermercado\/\" target=\"_blank\" class=\"premium-blog-excerpt-link elementor-button\">Leer m\u00e1s \u00bb<\/a><\/div>\t\t <\/div>\r\n\t\t \t\t<div class=\"premium-blog-entry-meta\">\r\n\t\t\t\t\t\t\t<div class=\"premium-blog-post-author premium-blog-meta-data\">\r\n\t\t\t\t\t<i class=\"fa fa-user fa-fw\" aria-hidden=\"true\"><\/i>\r\n\t\t\t\t\t<a href=\"https:\/\/jasergondolas.com\/index.php\/author\/javiserna091317\/\" title=\"Entradas de javiserna091317\" rel=\"author\">javiserna091317<\/a>\t\t\t\t<\/div>\r\n\t\t\t\r\n\t\t\t\t\t\t\t<span class=\"premium-blog-meta-separator\">\u2022<\/span>\r\n\t\t\t\t<div class=\"premium-blog-post-time premium-blog-meta-data\">\r\n\t\t\t\t\t<i class=\"fa fa-clock-o\" aria-hidden=\"true\"><\/i>\r\n\t\t\t\t\t<span>10 de agosto de 2023<\/span>\r\n\t\t\t\t<\/div>\r\n\t\t\t\r\n\t\t\t\t\t\t\t<span class=\"premium-blog-meta-separator\">\u2022<\/span>\r\n\t\t\t\t<div class=\"premium-blog-post-categories premium-blog-meta-data\">\r\n\t\t\t\t\t<i class=\"fa fa-align-left fa-fw\" aria-hidden=\"true\"><\/i>\r\n\t\t\t\t\t<a href=\"https:\/\/jasergondolas.com\/index.php\/category\/blog\/\" rel=\"category tag\">Blog<\/a>\t\t\t\t<\/div>\r\n\t\t\t\r\n\t\t\t\t\t\t\t<span class=\"premium-blog-meta-separator\">\u2022<\/span>\r\n\t\t\t\t<div class=\"premium-blog-post-comments premium-blog-meta-data\">\r\n\t\t\t\t\t<i class=\"fa fa-comments-o fa-fw\" aria-hidden=\"true\"><\/i>\r\n\t\t\t\t\t<a href=\"https:\/\/jasergondolas.com\/index.php\/2023\/08\/10\/como-influye-la-psicologia-en-la-compra-de-tu-supermercado\/#respond\">No hay comentarios<\/a>\t\t\t\t<\/div>\r\n\t\t\t\t\t<\/div>\r\n\t\t\t\t\t\t\t\r\n\t\t\t\t<\/div>\r\n\t\t\t<\/div>\r\n\t\t<\/div>\r\n\r\n\t\t\t\t<div class=\"premium-blog-post-outer-container\" data-total=\"1\">\r\n\t\t\t<div class=\"premium-blog-post-container premium-blog-skin-cards\">\r\n\t\t\t\t\t\t\t\t\t<div class=\"premium-blog-thumb-effect-wrapper\">\r\n\t\t\t\t\t\t<div class=\"premium-blog-thumbnail-container premium-blog-zoomin-effect\">\r\n\t\t\t\t\t\t\t\t\t\t\t<a href=\"https:\/\/jasergondolas.com\/index.php\/2023\/08\/02\/hola-mundo\/\" target=\"_blank\">\r\n\t\t\t\t<img decoding=\"async\" width=\"1024\" height=\"576\" src=\"https:\/\/jasergondolas.com\/wp-content\/uploads\/2023\/08\/estanterias-picking-comercio-blog2.jpg\" class=\"attachment-full size-full wp-image-4591\" alt=\"\" loading=\"lazy\" srcset=\"https:\/\/jasergondolas.com\/wp-content\/uploads\/2023\/08\/estanterias-picking-comercio-blog2.jpg 1024w, https:\/\/jasergondolas.com\/wp-content\/uploads\/2023\/08\/estanterias-picking-comercio-blog2-300x169.jpg 300w, https:\/\/jasergondolas.com\/wp-content\/uploads\/2023\/08\/estanterias-picking-comercio-blog2-768x432.jpg 768w, https:\/\/jasergondolas.com\/wp-content\/uploads\/2023\/08\/estanterias-picking-comercio-blog2-600x338.jpg 600w\" sizes=\"(max-width: 1024px) 100vw, 1024px\" \/>\t\t\t\t<\/a>\r\n\t\t\t\t\t\t\t\t\t\t<\/div>\r\n\t\t\t\t\t\t\t\t\t\t\t\t\t<div class=\"premium-blog-effect-container premium-blog-framed-effect\">\r\n\t\t\t\t\t\t\t\t<a class=\"premium-blog-post-link\" href=\"https:\/\/jasergondolas.com\/index.php\/2023\/08\/02\/hola-mundo\/\" target=\"_blank\"><span>5 consejos para elegir la estanter\u00eda met\u00e1lica adecuada para tus necesidades<\/span><\/a>\r\n\t\t\t\t\t\t\t\t\t\t\t\t\t\t\t<\/div>\r\n\t\t\t\t\t\t\t\t\t\t\t<\/div>\r\n\t\t\t\t\t\t\t\t\t\t\t\t\t\t\t\t\t\t\t<div class=\"premium-blog-author-thumbnail\">\r\n\t\t\t\t\t\t\t<img alt='javiserna091317' src='https:\/\/secure.gravatar.com\/avatar\/001469dcb189c67747d5159e0bad1ff7?s=128&#038;d=mm&#038;r=g' srcset='https:\/\/secure.gravatar.com\/avatar\/001469dcb189c67747d5159e0bad1ff7?s=256&#038;d=mm&#038;r=g 2x' class='avatar avatar-128 photo' height='128' width='128' loading='lazy' decoding='async'\/>\t\t\t\t\t\t<\/div>\r\n\t\t\t\t\t\t\t\t\t\t\t\t\t<div class=\"premium-blog-content-wrapper \">\r\n\r\n\t\t\t\t\t<div class=\"premium-blog-inner-container\">\r\n\r\n\t\t\t\t\t\t\t\t\t\t\t\t\t\t<h2 class=\"premium-blog-entry-title\">\r\n\t\t\t<a href=\"https:\/\/jasergondolas.com\/index.php\/2023\/08\/02\/hola-mundo\/\" target=\"_blank\">\r\n\t\t\t\t5 consejos para elegir la estanter\u00eda met\u00e1lica adecuada para tus necesidades\t\t\t<\/a>\r\n\t\t<\/h2>\r\n\t\t\r\n\t\t\t\t\t<\/div>\r\n\r\n\t\t\t\t\t\t\t<div class=\"premium-blob-content-inner-wrapper\">\r\n\t\t<p class=\"premium-blog-post-content\">La elecci\u00f3n de la estanter\u00eda adecuada es crucial para optimizar el espacio y ofrecer una experiencia de compra eficiente. En este art\u00edculo,<\/p><div class=\"premium-blog-excerpt-link-wrap\"><a href=\"https:\/\/jasergondolas.com\/index.php\/2023\/08\/02\/hola-mundo\/\" target=\"_blank\" class=\"premium-blog-excerpt-link elementor-button\">Leer m\u00e1s \u00bb<\/a><\/div>\t\t <\/div>\r\n\t\t \t\t<div class=\"premium-blog-entry-meta\">\r\n\t\t\t\t\t\t\t<div class=\"premium-blog-post-author premium-blog-meta-data\">\r\n\t\t\t\t\t<i class=\"fa fa-user fa-fw\" aria-hidden=\"true\"><\/i>\r\n\t\t\t\t\t<a href=\"https:\/\/jasergondolas.com\/index.php\/author\/javiserna091317\/\" title=\"Entradas de javiserna091317\" rel=\"author\">javiserna091317<\/a>\t\t\t\t<\/div>\r\n\t\t\t\r\n\t\t\t\t\t\t\t<span class=\"premium-blog-meta-separator\">\u2022<\/span>\r\n\t\t\t\t<div class=\"premium-blog-post-time premium-blog-meta-data\">\r\n\t\t\t\t\t<i class=\"fa fa-clock-o\" aria-hidden=\"true\"><\/i>\r\n\t\t\t\t\t<span>2 de agosto de 2023<\/span>\r\n\t\t\t\t<\/div>\r\n\t\t\t\r\n\t\t\t\t\t\t\t<span class=\"premium-blog-meta-separator\">\u2022<\/span>\r\n\t\t\t\t<div class=\"premium-blog-post-categories premium-blog-meta-data\">\r\n\t\t\t\t\t<i class=\"fa fa-align-left fa-fw\" aria-hidden=\"true\"><\/i>\r\n\t\t\t\t\t<a href=\"https:\/\/jasergondolas.com\/index.php\/category\/blog\/\" rel=\"category tag\">Blog<\/a>\t\t\t\t<\/div>\r\n\t\t\t\r\n\t\t\t\t\t\t\t<span class=\"premium-blog-meta-separator\">\u2022<\/span>\r\n\t\t\t\t<div class=\"premium-blog-post-comments premium-blog-meta-data\">\r\n\t\t\t\t\t<i class=\"fa fa-comments-o fa-fw\" aria-hidden=\"true\"><\/i>\r\n\t\t\t\t\t<a href=\"https:\/\/jasergondolas.com\/index.php\/2023\/08\/02\/hola-mundo\/#respond\">No hay comentarios<\/a>\t\t\t\t<\/div>\r\n\t\t\t\t\t<\/div>\r\n\t\t\t\t\t\t\t\r\n\t\t\t\t<\/div>\r\n\t\t\t<\/div>\r\n\t\t<\/div>\r\n\r\n\t\t\t\t<\/div>\r\n\r\n\t\t\t\t<\/div>\n\t\t\t\t<\/div>\n\t\t\t\t\t<\/div>\n\t\t<\/div>\n\t\t\t\t\t\t\t<\/div>\n\t\t<\/section>\n\t\t\t\t\t\t\t<\/div>\n\t\t","protected":false},"excerpt":{"rendered":"<p>C\u00f3mo influye la psicolog\u00eda en la compra de tu supermercado C\u00f3mo influye la psicolog\u00eda en la compra de tu supermercado La conducta de los consumidores, mientras compra en un supermercado, es una de las cosas m\u00e1s estudiadas por los expertos en marketing Leer m\u00e1s \u00bb javiserna091317 \u2022 10 de agosto de 2023 \u2022 Blog \u2022 &hellip;<\/p>\n<p class=\"read-more\"> <a class=\"\" href=\"https:\/\/jasergondolas.com\/index.php\/2023\/08\/02\/hola-mundo\/\"> <span class=\"screen-reader-text\">5 consejos para elegir la estanter\u00eda met\u00e1lica adecuada para tus necesidades<\/span> Leer m\u00e1s &raquo;<\/a><\/p>\n","protected":false},"author":1,"featured_media":0,"parent":0,"menu_order":0,"comment_status":"closed","ping_status":"closed","template":"","meta":{"site-sidebar-layout":"no-sidebar","site-content-layout":"page-builder","ast-global-header-display":"","ast-banner-title-visibility":"","ast-main-header-display":"","ast-hfb-above-header-display":"","ast-hfb-below-header-display":"","ast-hfb-mobile-header-display":"","site-post-title":"disabled","ast-breadcrumbs-content":"","ast-featured-img":"disabled","footer-sml-layout":"","theme-transparent-header-meta":"","adv-header-id-meta":"","stick-header-meta":"","header-above-stick-meta":"","header-main-stick-meta":"","header-below-stick-meta":""},"_links":{"self":[{"href":"https:\/\/jasergondolas.com\/index.php\/wp-json\/wp\/v2\/pages\/4455"}],"collection":[{"href":"https:\/\/jasergondolas.com\/index.php\/wp-json\/wp\/v2\/pages"}],"about":[{"href":"https:\/\/jasergondolas.com\/index.php\/wp-json\/wp\/v2\/types\/page"}],"author":[{"embeddable":true,"href":"https:\/\/jasergondolas.com\/index.php\/wp-json\/wp\/v2\/users\/1"}],"replies":[{"embeddable":true,"href":"https:\/\/jasergondolas.com\/index.php\/wp-json\/wp\/v2\/comments?post=4455"}],"version-history":[{"count":4,"href":"https:\/\/jasergondolas.com\/index.php\/wp-json\/wp\/v2\/pages\/4455\/revisions"}],"predecessor-version":[{"id":4599,"href":"https:\/\/jasergondolas.com\/index.php\/wp-json\/wp\/v2\/pages\/4455\/revisions\/4599"}],"wp:attachment":[{"href":"https:\/\/jasergondolas.com\/index.php\/wp-json\/wp\/v2\/media?parent=4455"}],"curies":[{"name":"wp","href":"https:\/\/api.w.org\/{rel}","templated":true}]}}